{"id":2886,"date":"2023-06-27T16:02:02","date_gmt":"2023-06-27T14:02:02","guid":{"rendered":"https:\/\/www.elvedi.com\/certificats\/"},"modified":"2024-05-15T15:32:59","modified_gmt":"2024-05-15T13:32:59","slug":"certificats","status":"publish","type":"page","link":"https:\/\/www.elvedi.com\/fr\/certificats\/","title":{"rendered":"Certificats"},"content":{"rendered":"\t\t<div data-elementor-type=\"wp-page\" data-elementor-id=\"2886\" class=\"elementor elementor-2886 elementor-81\" data-elementor-post-type=\"page\">\n\t\t\t\t<div class=\"elementor-element elementor-element-a0d3ece e-flex e-con-boxed e-con e-parent\" data-id=\"a0d3ece\" data-element_type=\"container\" data-e-type=\"container\">\n\t\t\t\t\t<div class=\"e-con-inner\">\n\t\t\t\t<div class=\"elementor-element elementor-element-439b355 elementor-widget__width-inherit elementor-widget elementor-widget-heading\" data-id=\"439b355\" data-element_type=\"widget\" data-e-type=\"widget\" data-widget_type=\"heading.default\">\n\t\t\t\t<div class=\"elementor-widget-container\">\n\t\t\t\t\t<h1 class=\"elementor-heading-title elementor-size-default\">Certificats &amp; qualit\u00e9<\/h1>\t\t\t\t<\/div>\n\t\t\t\t<\/div>\n\t\t\t\t<div class=\"elementor-element elementor-element-cf243a5 elementor-widget-divider--view-line elementor-widget elementor-widget-divider\" data-id=\"cf243a5\" data-element_type=\"widget\" data-e-type=\"widget\" data-widget_type=\"divider.default\">\n\t\t\t\t<div class=\"elementor-widget-container\">\n\t\t\t\t\t\t\t<div class=\"elementor-divider\">\n\t\t\t<span class=\"elementor-divider-separator\">\n\t\t\t\t\t\t<\/span>\n\t\t<\/div>\n\t\t\t\t\t\t<\/div>\n\t\t\t\t<\/div>\n\t\t\t\t<div class=\"elementor-element elementor-element-19f7292 elementor-widget elementor-widget-text-editor\" data-id=\"19f7292\" data-element_type=\"widget\" data-e-type=\"widget\" data-widget_type=\"text-editor.default\">\n\t\t\t\t<div class=\"elementor-widget-container\">\n\t\t\t\t\t\t\t\t\t<p>Depuis sa cr\u00e9ation au milieu des ann\u00e9es 1980, ELVEDI est synonyme de haute qualit\u00e9 et de s\u00e9curit\u00e9 au travail. Un r\u00e9seau de distribution \u00e9troit est important pour nous.\u00a0<\/p><p>Nous utilisons exclusivement des mat\u00e9riaux de qualit\u00e9 sup\u00e9rieure, soigneusement trait\u00e9s par nos collaborateurs exp\u00e9riment\u00e9s. Ainsi, nous pouvons par exemple d\u00e9livrer \u00e0 nos clients un certificat d&rsquo;usine pour nos rayonnages \u00e0 bras portants comme le TYPE HRZ. Nous n&rsquo;utilisons ni cadmium ni plomb dans la composition de nos peintures.<\/p><p>ELVEDI garantit des syst\u00e8mes de stockage robustes, stables et durables. La s\u00e9curit\u00e9 de ces derniers est r\u00e9guli\u00e8rement contr\u00f4l\u00e9e par des inspecteurs de rayonnages certifi\u00e9s. Nos rayonnages sont certifi\u00e9s selon les normes les plus strictes et r\u00e9pondent \u00e0 toutes les normes europ\u00e9ennes n\u00e9cessaires \u00e0 cet effet.<\/p>\t\t\t\t\t\t\t\t<\/div>\n\t\t\t\t<\/div>\n\t\t\t\t<div class=\"elementor-element elementor-element-f739284 elementor-widget__width-inherit elementor-widget elementor-widget-heading\" data-id=\"f739284\" data-element_type=\"widget\" data-e-type=\"widget\" data-widget_type=\"heading.default\">\n\t\t\t\t<div class=\"elementor-widget-container\">\n\t\t\t\t\t<h3 class=\"elementor-heading-title elementor-size-default\">La qualit\u00e9 ELVEDI se caract\u00e9rise par :<\/h3>\t\t\t\t<\/div>\n\t\t\t\t<\/div>\n\t\t\t\t<div class=\"elementor-element elementor-element-978b38f elementor-widget__width-initial elementor-icon-list--layout-traditional elementor-list-item-link-full_width elementor-widget elementor-widget-icon-list\" data-id=\"978b38f\" data-element_type=\"widget\" data-e-type=\"widget\" data-widget_type=\"icon-list.default\">\n\t\t\t\t<div class=\"elementor-widget-container\">\n\t\t\t\t\t\t\t<ul class=\"elementor-icon-list-items\">\n\t\t\t\t\t\t\t<li class=\"elementor-icon-list-item\">\n\t\t\t\t\t\t\t\t\t\t\t<span class=\"elementor-icon-list-icon\">\n\t\t\t\t\t\t\t<svg xmlns=\"http:\/\/www.w3.org\/2000\/svg\" width=\"12.776\" height=\"11.061\" viewBox=\"0 0 12.776 11.061\"><g id=\"Gruppe_2680\" data-name=\"Gruppe 2680\" transform=\"translate(-9.285 17.53) rotate(-90)\"><path id=\"Pfad_68\" data-name=\"Pfad 68\" d=\"M7,16l5,5,5-5\" transform=\"translate(0 0)\" fill=\"none\" stroke=\"#00949b\" stroke-width=\"1.5\"><\/path><path id=\"Pfad_69\" data-name=\"Pfad 69\" d=\"M12,3V14.715\" transform=\"translate(0 6.285)\" fill=\"none\" stroke=\"#00949b\" stroke-linejoin=\"round\" stroke-width=\"1.5\"><\/path><\/g><\/svg>\t\t\t\t\t\t<\/span>\n\t\t\t\t\t\t\t\t\t\t<span class=\"elementor-icon-list-text\">Marquage CE - EN DIN 1090-1 \/ D\u00e9claration du fabricant  <strong>EN 1090-1:2009-07 + A1:2011<\/strong><\/span>\n\t\t\t\t\t\t\t\t\t<\/li>\n\t\t\t\t\t\t\t\t<li class=\"elementor-icon-list-item\">\n\t\t\t\t\t\t\t\t\t\t\t<span class=\"elementor-icon-list-icon\">\n\t\t\t\t\t\t\t<svg xmlns=\"http:\/\/www.w3.org\/2000\/svg\" width=\"12.776\" height=\"11.061\" viewBox=\"0 0 12.776 11.061\"><g id=\"Gruppe_2680\" data-name=\"Gruppe 2680\" transform=\"translate(-9.285 17.53) rotate(-90)\"><path id=\"Pfad_68\" data-name=\"Pfad 68\" d=\"M7,16l5,5,5-5\" transform=\"translate(0 0)\" fill=\"none\" stroke=\"#00949b\" stroke-width=\"1.5\"><\/path><path id=\"Pfad_69\" data-name=\"Pfad 69\" d=\"M12,3V14.715\" transform=\"translate(0 6.285)\" fill=\"none\" stroke=\"#00949b\" stroke-linejoin=\"round\" stroke-width=\"1.5\"><\/path><\/g><\/svg>\t\t\t\t\t\t<\/span>\n\t\t\t\t\t\t\t\t\t\t<span class=\"elementor-icon-list-text\">Certificat de soudage - EN 1090-2 \/ EN 1993-1<\/span>\n\t\t\t\t\t\t\t\t\t<\/li>\n\t\t\t\t\t\t\t\t<li class=\"elementor-icon-list-item\">\n\t\t\t\t\t\t\t\t\t\t\t<span class=\"elementor-icon-list-icon\">\n\t\t\t\t\t\t\t<svg xmlns=\"http:\/\/www.w3.org\/2000\/svg\" width=\"12.776\" height=\"11.061\" viewBox=\"0 0 12.776 11.061\"><g id=\"Gruppe_2680\" data-name=\"Gruppe 2680\" transform=\"translate(-9.285 17.53) rotate(-90)\"><path id=\"Pfad_68\" data-name=\"Pfad 68\" d=\"M7,16l5,5,5-5\" transform=\"translate(0 0)\" fill=\"none\" stroke=\"#00949b\" stroke-width=\"1.5\"><\/path><path id=\"Pfad_69\" data-name=\"Pfad 69\" d=\"M12,3V14.715\" transform=\"translate(0 6.285)\" fill=\"none\" stroke=\"#00949b\" stroke-linejoin=\"round\" stroke-width=\"1.5\"><\/path><\/g><\/svg>\t\t\t\t\t\t<\/span>\n\t\t\t\t\t\t\t\t\t\t<span class=\"elementor-icon-list-text\">Certificat de qualit\u00e9 de l'acier pour nos rayonnages \u00e0 bras portants - Certificat de r\u00e9ception EN 10204 \/ ISO 10474- Certificat d'usine 3.1.B<\/span>\n\t\t\t\t\t\t\t\t\t<\/li>\n\t\t\t\t\t\t\t\t<li class=\"elementor-icon-list-item\">\n\t\t\t\t\t\t\t\t\t\t\t<span class=\"elementor-icon-list-icon\">\n\t\t\t\t\t\t\t<svg xmlns=\"http:\/\/www.w3.org\/2000\/svg\" width=\"12.776\" height=\"11.061\" viewBox=\"0 0 12.776 11.061\"><g id=\"Gruppe_2680\" data-name=\"Gruppe 2680\" transform=\"translate(-9.285 17.53) rotate(-90)\"><path id=\"Pfad_68\" data-name=\"Pfad 68\" d=\"M7,16l5,5,5-5\" transform=\"translate(0 0)\" fill=\"none\" stroke=\"#00949b\" stroke-width=\"1.5\"><\/path><path id=\"Pfad_69\" data-name=\"Pfad 69\" d=\"M12,3V14.715\" transform=\"translate(0 6.285)\" fill=\"none\" stroke=\"#00949b\" stroke-linejoin=\"round\" stroke-width=\"1.5\"><\/path><\/g><\/svg>\t\t\t\t\t\t<\/span>\n\t\t\t\t\t\t\t\t\t\t<span class=\"elementor-icon-list-text\">Eurocode - DIN EN 1993-1-1 \/ DIN EN 1993-1-3 \/ DIN EN 1993-1-8 \/ DIN EN 15512<\/span>\n\t\t\t\t\t\t\t\t\t<\/li>\n\t\t\t\t\t\t\t\t<li class=\"elementor-icon-list-item\">\n\t\t\t\t\t\t\t\t\t\t\t<span class=\"elementor-icon-list-icon\">\n\t\t\t\t\t\t\t<svg xmlns=\"http:\/\/www.w3.org\/2000\/svg\" width=\"12.776\" height=\"11.061\" viewBox=\"0 0 12.776 11.061\"><g id=\"Gruppe_2680\" data-name=\"Gruppe 2680\" transform=\"translate(-9.285 17.53) rotate(-90)\"><path id=\"Pfad_68\" data-name=\"Pfad 68\" d=\"M7,16l5,5,5-5\" transform=\"translate(0 0)\" fill=\"none\" stroke=\"#00949b\" stroke-width=\"1.5\"><\/path><path id=\"Pfad_69\" data-name=\"Pfad 69\" d=\"M12,3V14.715\" transform=\"translate(0 6.285)\" fill=\"none\" stroke=\"#00949b\" stroke-linejoin=\"round\" stroke-width=\"1.5\"><\/path><\/g><\/svg>\t\t\t\t\t\t<\/span>\n\t\t\t\t\t\t\t\t\t\t<span class=\"elementor-icon-list-text\">Galvanisation \u00e0 chaud - EN 1090 et ISO 1461 + ISO 14713-1<\/span>\n\t\t\t\t\t\t\t\t\t<\/li>\n\t\t\t\t\t\t\t\t<li class=\"elementor-icon-list-item\">\n\t\t\t\t\t\t\t\t\t\t\t<span class=\"elementor-icon-list-icon\">\n\t\t\t\t\t\t\t<svg xmlns=\"http:\/\/www.w3.org\/2000\/svg\" width=\"12.776\" height=\"11.061\" viewBox=\"0 0 12.776 11.061\"><g id=\"Gruppe_2680\" data-name=\"Gruppe 2680\" transform=\"translate(-9.285 17.53) rotate(-90)\"><path id=\"Pfad_68\" data-name=\"Pfad 68\" d=\"M7,16l5,5,5-5\" transform=\"translate(0 0)\" fill=\"none\" stroke=\"#00949b\" stroke-width=\"1.5\"><\/path><path id=\"Pfad_69\" data-name=\"Pfad 69\" d=\"M12,3V14.715\" transform=\"translate(0 6.285)\" fill=\"none\" stroke=\"#00949b\" stroke-linejoin=\"round\" stroke-width=\"1.5\"><\/path><\/g><\/svg>\t\t\t\t\t\t<\/span>\n\t\t\t\t\t\t\t\t\t\t<span class=\"elementor-icon-list-text\">Fabriqu\u00e9 en Allemagne<\/span>\n\t\t\t\t\t\t\t\t\t<\/li>\n\t\t\t\t\t\t\t\t<li class=\"elementor-icon-list-item\">\n\t\t\t\t\t\t\t\t\t\t\t<span class=\"elementor-icon-list-icon\">\n\t\t\t\t\t\t\t<svg xmlns=\"http:\/\/www.w3.org\/2000\/svg\" width=\"12.776\" height=\"11.061\" viewBox=\"0 0 12.776 11.061\"><g id=\"Gruppe_2680\" data-name=\"Gruppe 2680\" transform=\"translate(-9.285 17.53) rotate(-90)\"><path id=\"Pfad_68\" data-name=\"Pfad 68\" d=\"M7,16l5,5,5-5\" transform=\"translate(0 0)\" fill=\"none\" stroke=\"#00949b\" stroke-width=\"1.5\"><\/path><path id=\"Pfad_69\" data-name=\"Pfad 69\" d=\"M12,3V14.715\" transform=\"translate(0 6.285)\" fill=\"none\" stroke=\"#00949b\" stroke-linejoin=\"round\" stroke-width=\"1.5\"><\/path><\/g><\/svg>\t\t\t\t\t\t<\/span>\n\t\t\t\t\t\t\t\t\t\t<span class=\"elementor-icon-list-text\">Technique de stockage verte <\/span>\n\t\t\t\t\t\t\t\t\t<\/li>\n\t\t\t\t\t\t\t\t<li class=\"elementor-icon-list-item\">\n\t\t\t\t\t\t\t\t\t\t\t<span class=\"elementor-icon-list-icon\">\n\t\t\t\t\t\t\t<svg xmlns=\"http:\/\/www.w3.org\/2000\/svg\" width=\"12.776\" height=\"11.061\" viewBox=\"0 0 12.776 11.061\"><g id=\"Gruppe_2680\" data-name=\"Gruppe 2680\" transform=\"translate(-9.285 17.53) rotate(-90)\"><path id=\"Pfad_68\" data-name=\"Pfad 68\" d=\"M7,16l5,5,5-5\" transform=\"translate(0 0)\" fill=\"none\" stroke=\"#00949b\" stroke-width=\"1.5\"><\/path><path id=\"Pfad_69\" data-name=\"Pfad 69\" d=\"M12,3V14.715\" transform=\"translate(0 6.285)\" fill=\"none\" stroke=\"#00949b\" stroke-linejoin=\"round\" stroke-width=\"1.5\"><\/path><\/g><\/svg>\t\t\t\t\t\t<\/span>\n\t\t\t\t\t\t\t\t\t\t<span class=\"elementor-icon-list-text\">Rev\u00eatement de poudre \u00e9poxy-polyester : sans plomb, organiques et solubles dans l'eau sont utilis\u00e9es<\/span>\n\t\t\t\t\t\t\t\t\t<\/li>\n\t\t\t\t\t\t\t\t<li class=\"elementor-icon-list-item\">\n\t\t\t\t\t\t\t\t\t\t\t<span class=\"elementor-icon-list-icon\">\n\t\t\t\t\t\t\t<svg xmlns=\"http:\/\/www.w3.org\/2000\/svg\" width=\"12.776\" height=\"11.061\" viewBox=\"0 0 12.776 11.061\"><g id=\"Gruppe_2680\" data-name=\"Gruppe 2680\" transform=\"translate(-9.285 17.53) rotate(-90)\"><path id=\"Pfad_68\" data-name=\"Pfad 68\" d=\"M7,16l5,5,5-5\" transform=\"translate(0 0)\" fill=\"none\" stroke=\"#00949b\" stroke-width=\"1.5\"><\/path><path id=\"Pfad_69\" data-name=\"Pfad 69\" d=\"M12,3V14.715\" transform=\"translate(0 6.285)\" fill=\"none\" stroke=\"#00949b\" stroke-linejoin=\"round\" stroke-width=\"1.5\"><\/path><\/g><\/svg>\t\t\t\t\t\t<\/span>\n\t\t\t\t\t\t\t\t\t\t<span class=\"elementor-icon-list-text\">R\u00e8gles de l'association professionnelle pour la s\u00e9curit\u00e9 et la sant\u00e9 au travail - BGR 234 (DGVU Regel 108-007)<\/span>\n\t\t\t\t\t\t\t\t\t<\/li>\n\t\t\t\t\t\t\t\t<li class=\"elementor-icon-list-item\">\n\t\t\t\t\t\t\t\t\t\t\t<span class=\"elementor-icon-list-icon\">\n\t\t\t\t\t\t\t<svg xmlns=\"http:\/\/www.w3.org\/2000\/svg\" width=\"12.776\" height=\"11.061\" viewBox=\"0 0 12.776 11.061\"><g id=\"Gruppe_2680\" data-name=\"Gruppe 2680\" transform=\"translate(-9.285 17.53) rotate(-90)\"><path id=\"Pfad_68\" data-name=\"Pfad 68\" d=\"M7,16l5,5,5-5\" transform=\"translate(0 0)\" fill=\"none\" stroke=\"#00949b\" stroke-width=\"1.5\"><\/path><path id=\"Pfad_69\" data-name=\"Pfad 69\" d=\"M12,3V14.715\" transform=\"translate(0 6.285)\" fill=\"none\" stroke=\"#00949b\" stroke-linejoin=\"round\" stroke-width=\"1.5\"><\/path><\/g><\/svg>\t\t\t\t\t\t<\/span>\n\t\t\t\t\t\t\t\t\t\t<span class=\"elementor-icon-list-text\">Inspecteurs de rayonnages certifi\u00e9s - personnel sp\u00e9cialis\u00e9 certifi\u00e9 DEKRA et T\u00dcV<\/span>\n\t\t\t\t\t\t\t\t\t<\/li>\n\t\t\t\t\t\t<\/ul>\n\t\t\t\t\t\t<\/div>\n\t\t\t\t<\/div>\n\t\t\t\t<div class=\"elementor-element elementor-element-35ff610 elementor-widget elementor-widget-text-editor\" data-id=\"35ff610\" data-element_type=\"widget\" data-e-type=\"widget\" data-widget_type=\"text-editor.default\">\n\t\t\t\t<div class=\"elementor-widget-container\">\n\t\t\t\t\t\t\t\t\t<p>\u00c0 cet effet, reportez-vous \u00e9galement \u00e0 notre label ELVEDI et Green Label, lesquels vous garantissent des produits de qualit\u00e9 sup\u00e9rieure et respectueux de l&rsquo;environnement.\u00a0<\/p>\t\t\t\t\t\t\t\t<\/div>\n\t\t\t\t<\/div>\n\t\t<div class=\"elementor-element elementor-element-3ab2c9b e-grid e-con-boxed e-con e-child\" data-id=\"3ab2c9b\" data-element_type=\"container\" data-e-type=\"container\">\n\t\t\t\t\t<div class=\"e-con-inner\">\n\t\t\t\t<div class=\"elementor-element elementor-element-405e3e3 elementor-widget elementor-widget-image\" data-id=\"405e3e3\" data-element_type=\"widget\" data-e-type=\"widget\" data-widget_type=\"image.default\">\n\t\t\t\t<div class=\"elementor-widget-container\">\n\t\t\t\t\t\t\t\t\t\t\t\t\t\t\t<img fetchpriority=\"high\" decoding=\"async\" width=\"400\" height=\"410\" src=\"https:\/\/www.elvedi.com\/wp-content\/uploads\/elvedi-siegel-1-1.jpg\" class=\"attachment-full size-full wp-image-4833\" alt=\"\" \/>\t\t\t\t\t\t\t\t\t\t\t\t\t\t\t<\/div>\n\t\t\t\t<\/div>\n\t\t\t\t<div class=\"elementor-element elementor-element-a2d26c2 elementor-widget__width-initial elementor-widget elementor-widget-image\" data-id=\"a2d26c2\" data-element_type=\"widget\" data-e-type=\"widget\" data-widget_type=\"image.default\">\n\t\t\t\t<div class=\"elementor-widget-container\">\n\t\t\t\t\t\t\t\t\t\t\t\t\t\t\t<img decoding=\"async\" width=\"1035\" height=\"1175\" src=\"https:\/\/www.elvedi.com\/wp-content\/uploads\/elvedi-greenlabel-fr.png\" class=\"attachment-full size-full wp-image-4075\" alt=\"elvedi-greenlabel-fr\" srcset=\"https:\/\/www.elvedi.com\/wp-content\/uploads\/elvedi-greenlabel-fr.png 1035w, https:\/\/www.elvedi.com\/wp-content\/uploads\/elvedi-greenlabel-fr-793x900.png 793w, https:\/\/www.elvedi.com\/wp-content\/uploads\/elvedi-greenlabel-fr-768x872.png 768w\" sizes=\"(max-width: 1035px) 100vw, 1035px\" \/>\t\t\t\t\t\t\t\t\t\t\t\t\t\t\t<\/div>\n\t\t\t\t<\/div>\n\t\t\t\t<div class=\"elementor-element elementor-element-ca98fd6 elementor-widget elementor-widget-image\" data-id=\"ca98fd6\" data-element_type=\"widget\" data-e-type=\"widget\" data-widget_type=\"image.default\">\n\t\t\t\t<div class=\"elementor-widget-container\">\n\t\t\t\t\t\t\t\t\t\t\t\t\t\t\t<img decoding=\"async\" width=\"314\" height=\"199\" src=\"https:\/\/www.elvedi.com\/wp-content\/uploads\/elvedi-ce-1-1.jpg\" class=\"attachment-large size-large wp-image-4839\" alt=\"\" \/>\t\t\t\t\t\t\t\t\t\t\t\t\t\t\t<\/div>\n\t\t\t\t<\/div>\n\t\t\t\t<div class=\"elementor-element elementor-element-50063b4 elementor-widget__width-initial elementor-widget elementor-widget-image\" data-id=\"50063b4\" data-element_type=\"widget\" data-e-type=\"widget\" data-widget_type=\"image.default\">\n\t\t\t\t<div class=\"elementor-widget-container\">\n\t\t\t\t\t\t\t\t\t\t\t\t\t\t\t<img loading=\"lazy\" decoding=\"async\" width=\"1200\" height=\"1142\" src=\"https:\/\/www.elvedi.com\/wp-content\/uploads\/40-ans-elvedi-1200x1142.jpg\" class=\"attachment-large size-large wp-image-4849\" alt=\"40 ans Elvedi\" srcset=\"https:\/\/www.elvedi.com\/wp-content\/uploads\/40-ans-elvedi-1200x1142.jpg 1200w, https:\/\/www.elvedi.com\/wp-content\/uploads\/40-ans-elvedi-900x856.jpg 900w, https:\/\/www.elvedi.com\/wp-content\/uploads\/40-ans-elvedi-768x731.jpg 768w, https:\/\/www.elvedi.com\/wp-content\/uploads\/40-ans-elvedi-1536x1461.jpg 1536w, https:\/\/www.elvedi.com\/wp-content\/uploads\/40-ans-elvedi.jpg 1748w\" sizes=\"(max-width: 1200px) 100vw, 1200px\" \/>\t\t\t\t\t\t\t\t\t\t\t\t\t\t\t<\/div>\n\t\t\t\t<\/div>\n\t\t\t\t<div class=\"elementor-element elementor-element-f8a0d2c elementor-widget elementor-widget-image\" data-id=\"f8a0d2c\" data-element_type=\"widget\" data-e-type=\"widget\" data-widget_type=\"image.default\">\n\t\t\t\t<div class=\"elementor-widget-container\">\n\t\t\t\t\t\t\t\t\t\t\t\t\t\t\t<img loading=\"lazy\" decoding=\"async\" width=\"516\" height=\"172\" src=\"https:\/\/www.elvedi.com\/wp-content\/uploads\/bghw-01-1-1.jpg\" class=\"attachment-large size-large wp-image-4845\" alt=\"\" \/>\t\t\t\t\t\t\t\t\t\t\t\t\t\t\t<\/div>\n\t\t\t\t<\/div>\n\t\t\t\t<div class=\"elementor-element elementor-element-c61918d elementor-widget elementor-widget-image\" data-id=\"c61918d\" data-element_type=\"widget\" data-e-type=\"widget\" data-widget_type=\"image.default\">\n\t\t\t\t<div class=\"elementor-widget-container\">\n\t\t\t\t\t\t\t\t\t\t\t\t\t\t\t<img loading=\"lazy\" decoding=\"async\" width=\"309\" height=\"133\" src=\"https:\/\/www.elvedi.com\/wp-content\/uploads\/made-in-germany-1-1.jpg\" class=\"attachment-large size-large wp-image-4848\" alt=\"\" \/>\t\t\t\t\t\t\t\t\t\t\t\t\t\t\t<\/div>\n\t\t\t\t<\/div>\n\t\t\t\t\t<\/div>\n\t\t\t\t<\/div>\n\t\t\t\t\t<\/div>\n\t\t\t\t<\/div>\n\t\t\t\t<\/div>\n\t\t","protected":false},"excerpt":{"rendered":"<p>Certificats &amp; qualit\u00e9 Depuis sa cr\u00e9ation au milieu des ann\u00e9es 1980, ELVEDI est synonyme de haute qualit\u00e9 et de s\u00e9curit\u00e9 au travail. Un r\u00e9seau de distribution \u00e9troit est important pour nous.\u00a0 Nous utilisons exclusivement des mat\u00e9riaux de qualit\u00e9 sup\u00e9rieure, soigneusement trait\u00e9s par nos collaborateurs exp\u00e9riment\u00e9s. Ainsi, nous pouvons par exemple d\u00e9livrer \u00e0 nos clients un [&hellip;]<\/p>\n","protected":false},"author":2,"featured_media":0,"parent":0,"menu_order":20,"comment_status":"closed","ping_status":"closed","template":"","meta":{"footnotes":""},"class_list":["post-2886","page","type-page","status-publish","hentry","wpbf-post"],"_links":{"self":[{"href":"https:\/\/www.elvedi.com\/fr\/wp-json\/wp\/v2\/pages\/2886","targetHints":{"allow":["GET"]}}],"collection":[{"href":"https:\/\/www.elvedi.com\/fr\/wp-json\/wp\/v2\/pages"}],"about":[{"href":"https:\/\/www.elvedi.com\/fr\/wp-json\/wp\/v2\/types\/page"}],"author":[{"embeddable":true,"href":"https:\/\/www.elvedi.com\/fr\/wp-json\/wp\/v2\/users\/2"}],"replies":[{"embeddable":true,"href":"https:\/\/www.elvedi.com\/fr\/wp-json\/wp\/v2\/comments?post=2886"}],"version-history":[{"count":0,"href":"https:\/\/www.elvedi.com\/fr\/wp-json\/wp\/v2\/pages\/2886\/revisions"}],"wp:attachment":[{"href":"https:\/\/www.elvedi.com\/fr\/wp-json\/wp\/v2\/media?parent=2886"}],"curies":[{"name":"wp","href":"https:\/\/api.w.org\/{rel}","templated":true}]}}