{"id":2983,"date":"2023-06-27T16:02:02","date_gmt":"2023-06-27T14:02:02","guid":{"rendered":"https:\/\/www.elvedi.com\/secteurs-dactivite\/construction-de-machines-et-de-vehicules\/"},"modified":"2024-05-29T11:23:09","modified_gmt":"2024-05-29T09:23:09","slug":"construction-de-machines-et-de-vehicules","status":"publish","type":"page","link":"https:\/\/www.elvedi.com\/fr\/secteurs-dactivite\/construction-de-machines-et-de-vehicules\/","title":{"rendered":"Construction de machines et de v\u00e9hicules"},"content":{"rendered":"\t\t<div data-elementor-type=\"wp-page\" data-elementor-id=\"2983\" class=\"elementor elementor-2983 elementor-111\" data-elementor-post-type=\"page\">\n\t\t\t\t<div class=\"elementor-element elementor-element-596b0ae e-flex e-con-boxed e-con e-parent\" data-id=\"596b0ae\" data-element_type=\"container\" data-e-type=\"container\">\n\t\t\t\t\t<div class=\"e-con-inner\">\n\t\t<div class=\"elementor-element elementor-element-992f11c e-con-full e-flex e-con e-child\" data-id=\"992f11c\" data-element_type=\"container\" data-e-type=\"container\">\n\t\t\t\t<div class=\"elementor-element elementor-element-961912a elementor-widget elementor-widget-heading\" data-id=\"961912a\" data-element_type=\"widget\" data-e-type=\"widget\" data-widget_type=\"heading.default\">\n\t\t\t\t<div class=\"elementor-widget-container\">\n\t\t\t\t\t<h1 class=\"elementor-heading-title elementor-size-default\">La machine-outil, l\u2019a\u00e9ronautique, la ferroviaire et l\u2019automobile<\/h1>\t\t\t\t<\/div>\n\t\t\t\t<\/div>\n\t\t\t\t<div class=\"elementor-element elementor-element-3809b66 elementor-widget-divider--view-line elementor-widget elementor-widget-divider\" data-id=\"3809b66\" data-element_type=\"widget\" data-e-type=\"widget\" data-widget_type=\"divider.default\">\n\t\t\t\t<div class=\"elementor-widget-container\">\n\t\t\t\t\t\t\t<div class=\"elementor-divider\">\n\t\t\t<span class=\"elementor-divider-separator\">\n\t\t\t\t\t\t<\/span>\n\t\t<\/div>\n\t\t\t\t\t\t<\/div>\n\t\t\t\t<\/div>\n\t\t\t\t<div class=\"elementor-element elementor-element-260def1 elementor-widget elementor-widget-text-editor\" data-id=\"260def1\" data-element_type=\"widget\" data-e-type=\"widget\" data-widget_type=\"text-editor.default\">\n\t\t\t\t<div class=\"elementor-widget-container\">\n\t\t\t\t\t\t\t\t\t<p>Ces industries sont confront\u00e9es v\u00e9hicules quotidiennement au stockage de pi\u00e8ces lourdes, d&rsquo;outils et de composants de machines. Chez ELVEDI, nous comprenons la n\u00e9cessit\u00e9 de syst\u00e8mes de rayonnage stables et r\u00e9sistants pour r\u00e9pondre \u00e0 ces exigences. Nos solutions offrent non seulement la stabilit\u00e9 requise pour les charges lourdes, mais aussi la flexibilit\u00e9 n\u00e9cessaire pour s&rsquo;adapter aux processus de production changeants.\u00a0<\/p>\t\t\t\t\t\t\t\t<\/div>\n\t\t\t\t<\/div>\n\t\t\t\t<\/div>\n\t\t<div class=\"elementor-element elementor-element-5c00d88 e-con-full e-flex e-con e-child\" data-id=\"5c00d88\" data-element_type=\"container\" data-e-type=\"container\">\n\t\t\t\t<div class=\"elementor-element elementor-element-14eca2d elementor-widget elementor-widget-image\" data-id=\"14eca2d\" data-element_type=\"widget\" data-e-type=\"widget\" data-widget_type=\"image.default\">\n\t\t\t\t<div class=\"elementor-widget-container\">\n\t\t\t\t\t\t\t\t\t\t\t\t\t\t\t<img fetchpriority=\"high\" decoding=\"async\" width=\"1700\" height=\"1275\" src=\"https:\/\/www.elvedi.com\/wp-content\/uploads\/regal-maschinenbau-fahrzeugbau.jpg\" class=\"attachment-full size-full wp-image-2550\" alt=\"\" srcset=\"https:\/\/www.elvedi.com\/wp-content\/uploads\/regal-maschinenbau-fahrzeugbau.jpg 1700w, https:\/\/www.elvedi.com\/wp-content\/uploads\/regal-maschinenbau-fahrzeugbau-900x675.jpg 900w, https:\/\/www.elvedi.com\/wp-content\/uploads\/regal-maschinenbau-fahrzeugbau-1200x900.jpg 1200w, https:\/\/www.elvedi.com\/wp-content\/uploads\/regal-maschinenbau-fahrzeugbau-768x576.jpg 768w, https:\/\/www.elvedi.com\/wp-content\/uploads\/regal-maschinenbau-fahrzeugbau-1536x1152.jpg 1536w\" sizes=\"(max-width: 1700px) 100vw, 1700px\" \/>\t\t\t\t\t\t\t\t\t\t\t\t\t\t\t<\/div>\n\t\t\t\t<\/div>\n\t\t\t\t<\/div>\n\t\t\t\t\t<\/div>\n\t\t\t\t<\/div>\n\t\t<div class=\"elementor-element elementor-element-e0253cf e-flex e-con-boxed e-con e-parent\" data-id=\"e0253cf\" data-element_type=\"container\" data-e-type=\"container\">\n\t\t\t\t\t<div class=\"e-con-inner\">\n\t\t\t\t<div class=\"elementor-element elementor-element-b969931 elementor-widget elementor-widget-text-editor\" data-id=\"b969931\" data-element_type=\"widget\" data-e-type=\"widget\" data-widget_type=\"text-editor.default\">\n\t\t\t\t<div class=\"elementor-widget-container\">\n\t\t\t\t\t\t\t\t\t<p>Nos <a href=\"https:\/\/www.elvedi.com\/fr\/solutions\/\">syst\u00e8mes de rayonnage<\/a> sont robustes et offrent des capacit\u00e9s de charge \u00e9lev\u00e9e afin de garantir la s\u00e9curit\u00e9 et d&rsquo;\u00e9viter d&rsquo;endommager les marchandises stock\u00e9es. Ils sont modulaires et peuvent faire l\u2019objet d\u2019extension selon un principe de construction modulaire afin de s&rsquo;adapter \u00e0 l&rsquo;\u00e9volution des besoins de stockage. En outre, nos rayonnages r\u00e9pondent \u00e0 des normes de s\u00e9curit\u00e9 strictes, notamment en termes de stabilit\u00e9, de protection contre les incendies et d&rsquo;utilisation de mat\u00e9riaux de haute qualit\u00e9. Nous proposons des solutions de stockage sp\u00e9cialis\u00e9es pour une grande vari\u00e9t\u00e9 de produits \u00e0 stocker, de <a href=\"https:\/\/www.elvedi.com\/fr\/solutions\/rayonnages-a-palettes\/\">rayonnage \u00e0 palettes<\/a> pour les petites pi\u00e8ces jusqu\u2019au <a href=\"https:\/\/www.elvedi.com\/fr\/solutions\/rayonnages-cantilever\/\">rayonnage cantilevers<\/a> pour les objets longs et volumineux.<\/p>\t\t\t\t\t\t\t\t<\/div>\n\t\t\t\t<\/div>\n\t\t\t\t<div class=\"elementor-element elementor-element-f8fa074 elementor-widget elementor-widget-heading\" data-id=\"f8fa074\" data-element_type=\"widget\" data-e-type=\"widget\" data-widget_type=\"heading.default\">\n\t\t\t\t<div class=\"elementor-widget-container\">\n\t\t\t\t\t<h2 class=\"elementor-heading-title elementor-size-default\">Une plus grande efficacit\u00e9 et plus d'espace dans l'entrep\u00f4t<\/h2>\t\t\t\t<\/div>\n\t\t\t\t<\/div>\n\t\t\t\t<div class=\"elementor-element elementor-element-f441796 elementor-widget elementor-widget-text-editor\" data-id=\"f441796\" data-element_type=\"widget\" data-e-type=\"widget\" data-widget_type=\"text-editor.default\">\n\t\t\t\t<div class=\"elementor-widget-container\">\n\t\t\t\t\t\t\t\t\t<p>L&rsquo;efficacit\u00e9 dans l&rsquo;environnement de production est am\u00e9lior\u00e9e par une utilisation optimale de l&rsquo;espace disponible et une gestion efficace des stocks. Nos syst\u00e8mes de rayonnage sont con\u00e7us pour permettre une organisation et une identification claires des marchandises stock\u00e9es, afin d&rsquo;am\u00e9liorer leur rep\u00e9rage et d&rsquo;acc\u00e9l\u00e9rer les processus de travail. Ils r\u00e9pondent \u00e9galement aux contraintes environnementales telles que l&rsquo;humidit\u00e9, la poussi\u00e8re ou les produits chimiques, et sont compatibles avec les \u00e9quipements de manutention tels que les chariots \u00e9l\u00e9vateurs, afin de garantir un flux de marchandises efficace. Nos syst\u00e8mes de rayonnage contribuent ainsi \u00e0 optimiser le stockage des composants et des mat\u00e9riaux et \u00e0 augmenter l&rsquo;efficacit\u00e9 et la productivit\u00e9 de la production.<\/p>\t\t\t\t\t\t\t\t<\/div>\n\t\t\t\t<\/div>\n\t\t\t\t<div class=\"elementor-element elementor-element-b4086de home_branchen_slider slider_quer elementor-widget__width-initial elementor-pagination-position-outside elementor-widget elementor-widget-image-carousel\" data-id=\"b4086de\" data-element_type=\"widget\" data-e-type=\"widget\" data-settings=\"{&quot;slides_to_show&quot;:&quot;1&quot;,&quot;navigation&quot;:&quot;dots&quot;,&quot;autoplay&quot;:&quot;no&quot;,&quot;infinite&quot;:&quot;yes&quot;,&quot;effect&quot;:&quot;slide&quot;,&quot;speed&quot;:500}\" data-widget_type=\"image-carousel.default\">\n\t\t\t\t<div class=\"elementor-widget-container\">\n\t\t\t\t\t\t\t<div class=\"elementor-image-carousel-wrapper swiper\" role=\"region\" aria-roledescription=\"carousel\" aria-label=\"Carrousel d\u2019images\" dir=\"ltr\">\n\t\t\t<div class=\"elementor-image-carousel swiper-wrapper swiper-image-stretch\" aria-live=\"polite\">\n\t\t\t\t\t\t\t\t<div class=\"swiper-slide\" role=\"group\" aria-roledescription=\"slide\" aria-label=\"1 sur 3\"><figure class=\"swiper-slide-inner\"><img decoding=\"async\" class=\"swiper-slide-image\" src=\"https:\/\/www.elvedi.com\/wp-content\/uploads\/regal-maschinenbau-fahrzeugbau-01-2.jpg\" alt=\"regal-maschinenbau-fahrzeugbau\" \/><\/figure><\/div><div class=\"swiper-slide\" role=\"group\" aria-roledescription=\"slide\" aria-label=\"2 sur 3\"><figure class=\"swiper-slide-inner\"><img decoding=\"async\" class=\"swiper-slide-image\" src=\"https:\/\/www.elvedi.com\/wp-content\/uploads\/fahrzeugbau-01-2.jpg\" alt=\"fahrzeugbau\" \/><\/figure><\/div><div class=\"swiper-slide\" role=\"group\" aria-roledescription=\"slide\" aria-label=\"3 sur 3\"><figure class=\"swiper-slide-inner\"><img decoding=\"async\" class=\"swiper-slide-image\" src=\"https:\/\/www.elvedi.com\/wp-content\/uploads\/fahrzeugbau-2.jpg\" alt=\"fahrzeugbau\" \/><\/figure><\/div>\t\t\t<\/div>\n\t\t\t\t\t\t\t\n\t\t\t\t\t\t\t\t\t<div class=\"swiper-pagination\"><\/div>\n\t\t\t\t\t\t\t\t\t<\/div>\n\t\t\t\t\t\t<\/div>\n\t\t\t\t<\/div>\n\t\t\t\t<div class=\"elementor-element elementor-element-e27f9ea elementor-widget elementor-widget-spacer\" data-id=\"e27f9ea\" data-element_type=\"widget\" data-e-type=\"widget\" data-widget_type=\"spacer.default\">\n\t\t\t\t<div class=\"elementor-widget-container\">\n\t\t\t\t\t\t\t<div class=\"elementor-spacer\">\n\t\t\t<div class=\"elementor-spacer-inner\"><\/div>\n\t\t<\/div>\n\t\t\t\t\t\t<\/div>\n\t\t\t\t<\/div>\n\t\t\t\t<div class=\"elementor-element elementor-element-0875159 elementor-widget elementor-widget-text-editor\" data-id=\"0875159\" data-element_type=\"widget\" data-e-type=\"widget\" data-widget_type=\"text-editor.default\">\n\t\t\t\t<div class=\"elementor-widget-container\">\n\t\t\t\t\t\t\t\t\t<p>Vous recherchez un syst\u00e8me de stockage pour votre entrep\u00f4t ou votre production ? Contactez-nous !\u00a0<\/p>\t\t\t\t\t\t\t\t<\/div>\n\t\t\t\t<\/div>\n\t\t\t\t<div class=\"elementor-element elementor-element-ff9afd2 elementor-widget__width-auto elementor-widget elementor-widget-button\" data-id=\"ff9afd2\" data-element_type=\"widget\" data-e-type=\"widget\" data-widget_type=\"button.default\">\n\t\t\t\t<div class=\"elementor-widget-container\">\n\t\t\t\t\t\t\t\t\t<div class=\"elementor-button-wrapper\">\n\t\t\t\t\t<a class=\"elementor-button elementor-button-link elementor-size-sm elementor-animation-shrink\" href=\"https:\/\/www.elvedi.com\/fr\/contact\/\">\n\t\t\t\t\t\t<span class=\"elementor-button-content-wrapper\">\n\t\t\t\t\t\t\t\t\t<span class=\"elementor-button-text\">Contactez-nous !<\/span>\n\t\t\t\t\t<\/span>\n\t\t\t\t\t<\/a>\n\t\t\t\t<\/div>\n\t\t\t\t\t\t\t\t<\/div>\n\t\t\t\t<\/div>\n\t\t\t\t<div class=\"elementor-element elementor-element-d1bea12 elementor-widget elementor-widget-heading\" data-id=\"d1bea12\" data-element_type=\"widget\" data-e-type=\"widget\" data-widget_type=\"heading.default\">\n\t\t\t\t<div class=\"elementor-widget-container\">\n\t\t\t\t\t<h2 class=\"elementor-heading-title elementor-size-default\">Vid\u00e9o d'un projet r\u00e9alis\u00e9<\/h2>\t\t\t\t<\/div>\n\t\t\t\t<\/div>\n\t\t\t\t<div class=\"elementor-element elementor-element-2a257d5 elementor-widget elementor-widget-video\" data-id=\"2a257d5\" data-element_type=\"widget\" data-e-type=\"widget\" data-settings=\"{&quot;video_type&quot;:&quot;hosted&quot;,&quot;controls&quot;:&quot;yes&quot;}\" data-widget_type=\"video.default\">\n\t\t\t\t<div class=\"elementor-widget-container\">\n\t\t\t\t\t\t\t<div class=\"e-hosted-video elementor-wrapper elementor-open-inline\">\n\t\t\t\t\t<video class=\"elementor-video\" src=\"https:\/\/www.elvedi.com\/wp-content\/uploads\/fr_wetterschutzregal-stadler.mp4\" controls=\"\" preload=\"metadata\" controlsList=\"nodownload\" poster=\"https:\/\/www.elvedi.com\/wp-content\/uploads\/fr-wetterschutzregal-overlay.jpg\"><\/video>\n\t\t\t\t<\/div>\n\t\t\t\t\t\t<\/div>\n\t\t\t\t<\/div>\n\t\t\t\t\t<\/div>\n\t\t\t\t<\/div>\n\t\t\t\t<\/div>\n\t\t","protected":false},"excerpt":{"rendered":"<p>La machine-outil, l\u2019a\u00e9ronautique, la ferroviaire et l\u2019automobile Ces industries sont confront\u00e9es v\u00e9hicules quotidiennement au stockage de pi\u00e8ces lourdes, d&rsquo;outils et de composants de machines. Chez ELVEDI, nous comprenons la n\u00e9cessit\u00e9 de syst\u00e8mes de rayonnage stables et r\u00e9sistants pour r\u00e9pondre \u00e0 ces exigences. Nos solutions offrent non seulement la stabilit\u00e9 requise pour les charges lourdes, mais [&hellip;]<\/p>\n","protected":false},"author":2,"featured_media":2550,"parent":2958,"menu_order":170,"comment_status":"closed","ping_status":"closed","template":"","meta":{"footnotes":""},"class_list":["post-2983","page","type-page","status-publish","has-post-thumbnail","hentry","wpbf-post"],"_links":{"self":[{"href":"https:\/\/www.elvedi.com\/fr\/wp-json\/wp\/v2\/pages\/2983","targetHints":{"allow":["GET"]}}],"collection":[{"href":"https:\/\/www.elvedi.com\/fr\/wp-json\/wp\/v2\/pages"}],"about":[{"href":"https:\/\/www.elvedi.com\/fr\/wp-json\/wp\/v2\/types\/page"}],"author":[{"embeddable":true,"href":"https:\/\/www.elvedi.com\/fr\/wp-json\/wp\/v2\/users\/2"}],"replies":[{"embeddable":true,"href":"https:\/\/www.elvedi.com\/fr\/wp-json\/wp\/v2\/comments?post=2983"}],"version-history":[{"count":0,"href":"https:\/\/www.elvedi.com\/fr\/wp-json\/wp\/v2\/pages\/2983\/revisions"}],"up":[{"embeddable":true,"href":"https:\/\/www.elvedi.com\/fr\/wp-json\/wp\/v2\/pages\/2958"}],"wp:featuredmedia":[{"embeddable":true,"href":"https:\/\/www.elvedi.com\/fr\/wp-json\/wp\/v2\/media\/2550"}],"wp:attachment":[{"href":"https:\/\/www.elvedi.com\/fr\/wp-json\/wp\/v2\/media?parent=2983"}],"curies":[{"name":"wp","href":"https:\/\/api.w.org\/{rel}","templated":true}]}}