{"id":6217,"date":"2024-10-22T14:46:39","date_gmt":"2024-10-22T12:46:39","guid":{"rendered":"https:\/\/www.elvedi.com\/?page_id=6217"},"modified":"2025-01-17T11:34:10","modified_gmt":"2025-01-17T10:34:10","slug":"guide-des-systemes","status":"publish","type":"page","link":"https:\/\/www.elvedi.com\/fr\/guide-des-systemes\/","title":{"rendered":"Guide (rayonnage)"},"content":{"rendered":"\t\t<div data-elementor-type=\"wp-page\" data-elementor-id=\"6217\" class=\"elementor elementor-6217 elementor-6215\" data-elementor-post-type=\"page\">\n\t\t\t\t<div class=\"elementor-element elementor-element-f371c40 e-flex e-con-boxed e-con e-parent\" data-id=\"f371c40\" data-element_type=\"container\" data-e-type=\"container\">\n\t\t\t\t\t<div class=\"e-con-inner\">\n\t\t\t\t<div class=\"elementor-element elementor-element-5c1d6b5 elementor-widget__width-inherit elementor-widget elementor-widget-heading\" data-id=\"5c1d6b5\" data-element_type=\"widget\" data-e-type=\"widget\" data-widget_type=\"heading.default\">\n\t\t\t\t<div class=\"elementor-widget-container\">\n\t\t\t\t\t<h1 class=\"elementor-heading-title elementor-size-default\">Guide des syst\u00e8mes de rayonnage<\/h1>\t\t\t\t<\/div>\n\t\t\t\t<\/div>\n\t\t\t\t<div class=\"elementor-element elementor-element-ab0c6a0 elementor-widget-divider--view-line elementor-widget elementor-widget-divider\" data-id=\"ab0c6a0\" data-element_type=\"widget\" data-e-type=\"widget\" data-widget_type=\"divider.default\">\n\t\t\t\t<div class=\"elementor-widget-container\">\n\t\t\t\t\t\t\t<div class=\"elementor-divider\">\n\t\t\t<span class=\"elementor-divider-separator\">\n\t\t\t\t\t\t<\/span>\n\t\t<\/div>\n\t\t\t\t\t\t<\/div>\n\t\t\t\t<\/div>\n\t\t\t\t<div class=\"elementor-element elementor-element-3ac2c19 elementor-widget elementor-widget-heading\" data-id=\"3ac2c19\" data-element_type=\"widget\" data-e-type=\"widget\" data-widget_type=\"heading.default\">\n\t\t\t\t<div class=\"elementor-widget-container\">\n\t\t\t\t\t<h2 class=\"elementor-heading-title elementor-size-default\">D\u00e9couvrez le syst\u00e8me de rayonnage id\u00e9al pour votre entrep\u00f4t !<\/h2>\t\t\t\t<\/div>\n\t\t\t\t<\/div>\n\t\t\t\t<div class=\"elementor-element elementor-element-acac0c7 elementor-widget elementor-widget-text-editor\" data-id=\"acac0c7\" data-element_type=\"widget\" data-e-type=\"widget\" data-widget_type=\"text-editor.default\">\n\t\t\t\t<div class=\"elementor-widget-container\">\n\t\t\t\t\t\t\t\t\t<p>Dans notre nouveau <strong>\u00ab Guide des syst\u00e8mes de rayonnage \u00bb<\/strong>, vous d\u00e9couvrez tout ce qu&rsquo;il faut savoir sur les solutions de rayonnage modernes. Qu&rsquo;il s&rsquo;agisse de rayonnages cantilever, de rayonnages \u00e0 palettes ou d&rsquo;autres types d&rsquo;\u00e9quipements de stockage, nous vous proposons un aper\u00e7u d\u00e9taill\u00e9 des diff\u00e9rents syst\u00e8mes, de leurs caract\u00e9ristiques et de leurs applications. \u00c0 travers quatre exemples pratiques, vous verrez comment choisir le syst\u00e8me de rayonnage adapt\u00e9 pour optimiser les op\u00e9rations de votre entrep\u00f4t et relever les d\u00e9fis quotidiens.\u00a0<\/p>\t\t\t\t\t\t\t\t<\/div>\n\t\t\t\t<\/div>\n\t\t\t\t<div class=\"elementor-element elementor-element-be8fec5 elementor-widget elementor-widget-heading\" data-id=\"be8fec5\" data-element_type=\"widget\" data-e-type=\"widget\" data-widget_type=\"heading.default\">\n\t\t\t\t<div class=\"elementor-widget-container\">\n\t\t\t\t\t<h3 class=\"elementor-heading-title elementor-size-default\">Ce que vous apprendrez dans le guide des syst\u00e8mes de rayonnage:<\/h3>\t\t\t\t<\/div>\n\t\t\t\t<\/div>\n\t\t\t\t<div class=\"elementor-element elementor-element-21cdd46 elementor-widget__width-initial elementor-icon-list--layout-traditional elementor-list-item-link-full_width elementor-widget elementor-widget-icon-list\" data-id=\"21cdd46\" data-element_type=\"widget\" data-e-type=\"widget\" data-widget_type=\"icon-list.default\">\n\t\t\t\t<div class=\"elementor-widget-container\">\n\t\t\t\t\t\t\t<ul class=\"elementor-icon-list-items\">\n\t\t\t\t\t\t\t<li class=\"elementor-icon-list-item\">\n\t\t\t\t\t\t\t\t\t\t\t<span class=\"elementor-icon-list-icon\">\n\t\t\t\t\t\t\t<svg xmlns=\"http:\/\/www.w3.org\/2000\/svg\" width=\"12.776\" height=\"11.061\" viewBox=\"0 0 12.776 11.061\"><g id=\"Gruppe_2680\" data-name=\"Gruppe 2680\" transform=\"translate(-9.285 17.53) rotate(-90)\"><path id=\"Pfad_68\" data-name=\"Pfad 68\" d=\"M7,16l5,5,5-5\" transform=\"translate(0 0)\" fill=\"none\" stroke=\"#00949b\" stroke-width=\"1.5\"><\/path><path id=\"Pfad_69\" data-name=\"Pfad 69\" d=\"M12,3V14.715\" transform=\"translate(0 6.285)\" fill=\"none\" stroke=\"#00949b\" stroke-linejoin=\"round\" stroke-width=\"1.5\"><\/path><\/g><\/svg>\t\t\t\t\t\t<\/span>\n\t\t\t\t\t\t\t\t\t\t<span class=\"elementor-icon-list-text\">Un aper\u00e7u clair des diff\u00e9rents syst\u00e8mes de rayonnage<\/span>\n\t\t\t\t\t\t\t\t\t<\/li>\n\t\t\t\t\t\t\t\t<li class=\"elementor-icon-list-item\">\n\t\t\t\t\t\t\t\t\t\t\t<span class=\"elementor-icon-list-icon\">\n\t\t\t\t\t\t\t<svg xmlns=\"http:\/\/www.w3.org\/2000\/svg\" width=\"12.776\" height=\"11.061\" viewBox=\"0 0 12.776 11.061\"><g id=\"Gruppe_2680\" data-name=\"Gruppe 2680\" transform=\"translate(-9.285 17.53) rotate(-90)\"><path id=\"Pfad_68\" data-name=\"Pfad 68\" d=\"M7,16l5,5,5-5\" transform=\"translate(0 0)\" fill=\"none\" stroke=\"#00949b\" stroke-width=\"1.5\"><\/path><path id=\"Pfad_69\" data-name=\"Pfad 69\" d=\"M12,3V14.715\" transform=\"translate(0 6.285)\" fill=\"none\" stroke=\"#00949b\" stroke-linejoin=\"round\" stroke-width=\"1.5\"><\/path><\/g><\/svg>\t\t\t\t\t\t<\/span>\n\t\t\t\t\t\t\t\t\t\t<span class=\"elementor-icon-list-text\">Quel syst\u00e8me correspond le mieux \u00e0 vos besoins<\/span>\n\t\t\t\t\t\t\t\t\t<\/li>\n\t\t\t\t\t\t\t\t<li class=\"elementor-icon-list-item\">\n\t\t\t\t\t\t\t\t\t\t\t<span class=\"elementor-icon-list-icon\">\n\t\t\t\t\t\t\t<svg xmlns=\"http:\/\/www.w3.org\/2000\/svg\" width=\"12.776\" height=\"11.061\" viewBox=\"0 0 12.776 11.061\"><g id=\"Gruppe_2680\" data-name=\"Gruppe 2680\" transform=\"translate(-9.285 17.53) rotate(-90)\"><path id=\"Pfad_68\" data-name=\"Pfad 68\" d=\"M7,16l5,5,5-5\" transform=\"translate(0 0)\" fill=\"none\" stroke=\"#00949b\" stroke-width=\"1.5\"><\/path><path id=\"Pfad_69\" data-name=\"Pfad 69\" d=\"M12,3V14.715\" transform=\"translate(0 6.285)\" fill=\"none\" stroke=\"#00949b\" stroke-linejoin=\"round\" stroke-width=\"1.5\"><\/path><\/g><\/svg>\t\t\t\t\t\t<\/span>\n\t\t\t\t\t\t\t\t\t\t<span class=\"elementor-icon-list-text\">Des pistes pour optimiser votre installation de stockage existante<\/span>\n\t\t\t\t\t\t\t\t\t<\/li>\n\t\t\t\t\t\t<\/ul>\n\t\t\t\t\t\t<\/div>\n\t\t\t\t<\/div>\n\t\t\t\t<div class=\"elementor-element elementor-element-13743d1 elementor-widget elementor-widget-heading\" data-id=\"13743d1\" data-element_type=\"widget\" data-e-type=\"widget\" data-widget_type=\"heading.default\">\n\t\t\t\t<div class=\"elementor-widget-container\">\n\t\t\t\t\t<h2 class=\"elementor-heading-title elementor-size-default\">Vous avez un d\u00e9fi de stockage ? Nous concevons le syst\u00e8me de rayonnage parfait pour vous !<\/h2>\t\t\t\t<\/div>\n\t\t\t\t<\/div>\n\t\t\t\t<div class=\"elementor-element elementor-element-f890c99 elementor-widget elementor-widget-text-editor\" data-id=\"f890c99\" data-element_type=\"widget\" data-e-type=\"widget\" data-widget_type=\"text-editor.default\">\n\t\t\t\t<div class=\"elementor-widget-container\">\n\t\t\t\t\t\t\t\t\t<p>Ensemble, optimisons votre entrep\u00f4t et portons-le \u00e0 un niveau sup\u00e9rieur. <a href=\"https:\/\/www.elvedi.com\/wp-content\/uploads\/ELVEDI-Whitepaper-Regalsystemguide-Layout-FR-V2-201223.pdf\" target=\"_blank\" rel=\"noopener\">T\u00e9l\u00e9chargez le Guide des syst\u00e8mes de rayonnage d\u00e8s maintenant<\/a> !\u00a0<\/p>\t\t\t\t\t\t\t\t<\/div>\n\t\t\t\t<\/div>\n\t\t\t\t<div class=\"elementor-element elementor-element-43bcbb5 elementor-widget elementor-widget-image\" data-id=\"43bcbb5\" data-element_type=\"widget\" data-e-type=\"widget\" data-widget_type=\"image.default\">\n\t\t\t\t<div class=\"elementor-widget-container\">\n\t\t\t\t\t\t\t\t\t\t\t\t\t\t\t<img fetchpriority=\"high\" decoding=\"async\" width=\"1920\" height=\"1280\" src=\"https:\/\/www.elvedi.com\/wp-content\/uploads\/elvedi-regalsystemguide-whitepaper-teaserbild-fr-v1-1920x.jpg\" class=\"attachment-full size-full wp-image-6401\" alt=\"Guide des syst\u00e8mes de rayonnage\" srcset=\"https:\/\/www.elvedi.com\/wp-content\/uploads\/elvedi-regalsystemguide-whitepaper-teaserbild-fr-v1-1920x.jpg 1920w, https:\/\/www.elvedi.com\/wp-content\/uploads\/elvedi-regalsystemguide-whitepaper-teaserbild-fr-v1-1920x-900x600.jpg 900w, https:\/\/www.elvedi.com\/wp-content\/uploads\/elvedi-regalsystemguide-whitepaper-teaserbild-fr-v1-1920x-1200x800.jpg 1200w, https:\/\/www.elvedi.com\/wp-content\/uploads\/elvedi-regalsystemguide-whitepaper-teaserbild-fr-v1-1920x-768x512.jpg 768w, https:\/\/www.elvedi.com\/wp-content\/uploads\/elvedi-regalsystemguide-whitepaper-teaserbild-fr-v1-1920x-1536x1024.jpg 1536w\" sizes=\"(max-width: 1920px) 100vw, 1920px\" \/>\t\t\t\t\t\t\t\t\t\t\t\t\t\t\t<\/div>\n\t\t\t\t<\/div>\n\t\t\t\t<div class=\"elementor-element elementor-element-3dedab0 elementor-widget__width-auto elementor-widget elementor-widget-button\" data-id=\"3dedab0\" data-element_type=\"widget\" data-e-type=\"widget\" data-widget_type=\"button.default\">\n\t\t\t\t<div class=\"elementor-widget-container\">\n\t\t\t\t\t\t\t\t\t<div class=\"elementor-button-wrapper\">\n\t\t\t\t\t<a class=\"elementor-button elementor-button-link elementor-size-sm elementor-animation-shrink\" href=\"https:\/\/www.elvedi.com\/wp-content\/uploads\/ELVEDI-Whitepaper-Regalsystemguide-Layout-FR-V2-201223.pdf\" target=\"_blank\">\n\t\t\t\t\t\t<span class=\"elementor-button-content-wrapper\">\n\t\t\t\t\t\t\t\t\t<span class=\"elementor-button-text\">T\u00e9l\u00e9charger maintenant gratuitement au format PDF<\/span>\n\t\t\t\t\t<\/span>\n\t\t\t\t\t<\/a>\n\t\t\t\t<\/div>\n\t\t\t\t\t\t\t\t<\/div>\n\t\t\t\t<\/div>\n\t\t\t\t<div class=\"elementor-element elementor-element-07aa7af elementor-widget elementor-widget-spacer\" data-id=\"07aa7af\" data-element_type=\"widget\" data-e-type=\"widget\" data-widget_type=\"spacer.default\">\n\t\t\t\t<div class=\"elementor-widget-container\">\n\t\t\t\t\t\t\t<div class=\"elementor-spacer\">\n\t\t\t<div class=\"elementor-spacer-inner\"><\/div>\n\t\t<\/div>\n\t\t\t\t\t\t<\/div>\n\t\t\t\t<\/div>\n\t\t\t\t\t<\/div>\n\t\t\t\t<\/div>\n\t\t\t\t<\/div>\n\t\t","protected":false},"excerpt":{"rendered":"<p>Guide des syst\u00e8mes de rayonnage D\u00e9couvrez le syst\u00e8me de rayonnage id\u00e9al pour votre entrep\u00f4t ! Dans notre nouveau \u00ab Guide des syst\u00e8mes de rayonnage \u00bb, vous d\u00e9couvrez tout ce qu&rsquo;il faut savoir sur les solutions de rayonnage modernes. Qu&rsquo;il s&rsquo;agisse de rayonnages cantilever, de rayonnages \u00e0 palettes ou d&rsquo;autres types d&rsquo;\u00e9quipements de stockage, nous vous [&hellip;]<\/p>\n","protected":false},"author":2,"featured_media":0,"parent":0,"menu_order":210,"comment_status":"closed","ping_status":"closed","template":"","meta":{"footnotes":""},"class_list":["post-6217","page","type-page","status-publish","hentry","wpbf-post"],"_links":{"self":[{"href":"https:\/\/www.elvedi.com\/fr\/wp-json\/wp\/v2\/pages\/6217","targetHints":{"allow":["GET"]}}],"collection":[{"href":"https:\/\/www.elvedi.com\/fr\/wp-json\/wp\/v2\/pages"}],"about":[{"href":"https:\/\/www.elvedi.com\/fr\/wp-json\/wp\/v2\/types\/page"}],"author":[{"embeddable":true,"href":"https:\/\/www.elvedi.com\/fr\/wp-json\/wp\/v2\/users\/2"}],"replies":[{"embeddable":true,"href":"https:\/\/www.elvedi.com\/fr\/wp-json\/wp\/v2\/comments?post=6217"}],"version-history":[{"count":17,"href":"https:\/\/www.elvedi.com\/fr\/wp-json\/wp\/v2\/pages\/6217\/revisions"}],"predecessor-version":[{"id":6421,"href":"https:\/\/www.elvedi.com\/fr\/wp-json\/wp\/v2\/pages\/6217\/revisions\/6421"}],"wp:attachment":[{"href":"https:\/\/www.elvedi.com\/fr\/wp-json\/wp\/v2\/media?parent=6217"}],"curies":[{"name":"wp","href":"https:\/\/api.w.org\/{rel}","templated":true}]}}